{"id":15,"date":"2021-06-01T11:14:19","date_gmt":"2021-06-01T09:14:19","guid":{"rendered":"http:\/\/bikcomputer.home.pl\/oksir\/bipoksir\/?page_id=15"},"modified":"2025-03-26T13:25:29","modified_gmt":"2025-03-26T12:25:29","slug":"ochrona-danych-osobowych","status":"publish","type":"page","link":"https:\/\/bip.oksir.wiszniamala.pl\/index.php\/ochrona-danych-osobowych\/","title":{"rendered":"Ochrona Danych Osobowych"},"content":{"rendered":"\n<p><strong>KLAUZULA INFORMACYJNA RODO<\/strong><\/p>\n\n\n\n<p><strong>O\u015brodek Kultury Sportu i Rekreacji<\/strong><\/p>\n\n\n\n<p>Administratorem Pani\/Pana danych osobowych jest: O\u015brodek Kultury Sportu i Rekreacji w Wiszni Ma\u0142ej<\/p>\n\n\n\n<p>Z administratorem danych osobowych mo\u017cna skontaktowa\u0107 si\u0119:<\/p>\n\n\n\n<p>a) Pod adresem korespondencyjnym: &nbsp;Szkolna 1, 55-114 Wisznia Ma\u0142a&nbsp;<a href=\"https:\/\/www.google.com\/maps\/place\/\/data=!4m2!3m1!1s0x470fe9a58546dd03:0xbe80ce36a7b6093d?sa=X&amp;ved=1t:8290&amp;ictx=111\">https:\/\/www.google.com\/maps\/place\/\/data=!4m2!3m1!1s0x470fe9a58546dd03:0xbe80ce36a7b6093d?sa=X&amp;ved=1t:8290&amp;ictx=111<\/a><\/p>\n\n\n\n<p>b) telefonicznie:&nbsp;71 312 70 76<\/p>\n\n\n\n<p>c) pod adresem poczty elektronicznej:&nbsp;<a href=\"mailto:oksir@wiszniamala.pl\" target=\"_blank\" rel=\"noreferrer noopener\"><\/a><a href=\"mailto:oksir@wiszniamala.pl\">oksir@wiszniamala.pl<\/a><\/p>\n\n\n\n<p>Administrator wyznaczy\u0142 Inspektora Ochrony Danych, z kt\u00f3rym mo\u017cna si\u0119 skontaktowa\u0107 za po\u015brednictwem adresu e-mail:&nbsp;<a href=\"mailto:iod@prudenspdp.pl\" target=\"_blank\" rel=\"noreferrer noopener\"><\/a><a href=\"mailto:iod@prudenspdp.pl\">iod@prudenspdp.pl<\/a>&nbsp;lub pisemnie na adres siedziby administratora.<\/p>\n\n\n\n<p>Z Inspektorem Ochrony Danych osobowych mo\u017cna skontaktowa\u0107 si\u0119 we wszystkich sprawach dotycz\u0105cych przetwarzania danych osobowych oraz korzystania z praw zwi\u0105zanych z przetwarzaniem danych.&nbsp; Inspektorem jest Natalia Mi\u0142ostan<\/p>\n\n\n\n<p>5. &nbsp;&nbsp;&nbsp;&nbsp;Podane w wiadomo\u015bci e-mail dane osobowe b\u0119d\u0105 przetwarzane w celach: odpowiedzi na otrzyman\u0105 korespondencj\u0119, w tym odpowiedzi na zadane pytania i udzielenie informacji; dalszej obs\u0142ugi prowadzonej korespondencji oraz za\u0142atwienia sprawy, z kt\u00f3r\u0105 Pani\/Pan si\u0119 do nas zwraca oraz ewentualnego ustalenia, dochodzenia roszcze\u0144 lub obrony przed roszczeniami.<\/p>\n\n\n\n<p>6. &nbsp;&nbsp;&nbsp;&nbsp;Administrator przetwarza dane osobowe na podstawie prawnie uzasadnionego interesu, jakim jest obs\u0142uga prowadzonej korespondencji (art. 6 ust. 1 lit. f RODO).<\/p>\n\n\n\n<p>7. &nbsp;&nbsp;&nbsp;&nbsp;Dane osobowe b\u0119d\u0105 przetwarzane przez okres niezb\u0119dny do obs\u0142ugi prowadzonej korespondencji, przed\u0142u\u017cony odpowiednio o okres wynikaj\u0105cy ze zwi\u0105zku korespondencji z zawartym stosunkiem prawnym, obowi\u0105zkami archiwizacyjnymi, dochodzeniem ewentualnych roszcze\u0144 lub innymi obowi\u0105zkami wymaganymi przez powszechnie obowi\u0105zuj\u0105ce przepisy prawa.<\/p>\n\n\n\n<p>8. &nbsp;&nbsp;&nbsp;&nbsp;Odbiorcami danych osobowych mog\u0105 by\u0107 podmioty \u015bwiadcz\u0105ce dla Administratora us\u0142ugi informatyczne, prawne, doradcze, ubezpieczeniowe na podstawie stosownych um\u00f3w oraz podmioty upowa\u017cnione do otrzymania danych osobowych na podstawie obowi\u0105zuj\u0105cych przepis\u00f3w prawa.<\/p>\n\n\n\n<p>9. &nbsp;&nbsp;&nbsp;&nbsp;Posiada Pani\/Pan prawo dost\u0119pu do tre\u015bci swoich danych osobowych, prawo \u017c\u0105dania ich sprostowania, usuni\u0119cia i ograniczenia przetwarzania.<\/p>\n\n\n\n<p>10. &nbsp;&nbsp;Ze wzgl\u0119du na to, i\u017c przetwarzanie odbywa si\u0119 na podstawie prawnie uzasadnionego interesu Administratora (art. 6 ust. 1 lit. f RODO), przys\u0142uguje Pani\/Panu prawo do wniesienia sprzeciwu, wobec tego przetwarzania.<\/p>\n\n\n\n<p>11. &nbsp;&nbsp;W przypadku uznania, i\u017c przetwarzanie danych osobowych narusza przepisy RODO, ma Pani\/Pan prawo wniesienia skargi do organu nadzorczego, tj. Prezesa Urz\u0119du Ochrony Danych Osobowych, ul. Stawki 2, 00- 193 Warszawa.<\/p>\n\n\n\n<p>12. &nbsp;&nbsp;Podanie danych osobowych jest dobrowolne, a skutkiem ich niepodania mo\u017ce by\u0107 brak mo\u017cliwo\u015bci obs\u0142ugi korespondencji.<\/p>\n\n\n\n<p>13. &nbsp;&nbsp;Dane osobowe nie b\u0119d\u0105 przekazywane do pa\u0144stw trzecich ani organizacji mi\u0119dzynarodowych.<\/p>\n\n\n\n<p>14. &nbsp;&nbsp;Dane osobowe nie b\u0119d\u0105 podlega\u0142y zautomatyzowanemu podejmowaniu decyzji, w tym profilowaniu.<\/p>\n","protected":false},"excerpt":{"rendered":"<p>KLAUZULA INFORMACYJNA RODO O\u015brodek Kultury Sportu i Rekreacji Administratorem Pani\/Pana danych osobowych jest: O\u015brodek Kultury Sportu i Rekreacji w Wiszni Ma\u0142ej Z administratorem danych osobowych mo\u017cna skontaktowa\u0107 si\u0119: a) Pod&hellip;<\/p>\n","protected":false},"author":1,"featured_media":0,"parent":0,"menu_order":0,"comment_status":"closed","ping_status":"closed","template":"","meta":{"footnotes":""},"class_list":["post-15","page","type-page","status-publish","hentry"],"_links":{"self":[{"href":"https:\/\/bip.oksir.wiszniamala.pl\/index.php\/wp-json\/wp\/v2\/pages\/15","targetHints":{"allow":["GET"]}}],"collection":[{"href":"https:\/\/bip.oksir.wiszniamala.pl\/index.php\/wp-json\/wp\/v2\/pages"}],"about":[{"href":"https:\/\/bip.oksir.wiszniamala.pl\/index.php\/wp-json\/wp\/v2\/types\/page"}],"author":[{"embeddable":true,"href":"https:\/\/bip.oksir.wiszniamala.pl\/index.php\/wp-json\/wp\/v2\/users\/1"}],"replies":[{"embeddable":true,"href":"https:\/\/bip.oksir.wiszniamala.pl\/index.php\/wp-json\/wp\/v2\/comments?post=15"}],"version-history":[{"count":1,"href":"https:\/\/bip.oksir.wiszniamala.pl\/index.php\/wp-json\/wp\/v2\/pages\/15\/revisions"}],"predecessor-version":[{"id":455,"href":"https:\/\/bip.oksir.wiszniamala.pl\/index.php\/wp-json\/wp\/v2\/pages\/15\/revisions\/455"}],"wp:attachment":[{"href":"https:\/\/bip.oksir.wiszniamala.pl\/index.php\/wp-json\/wp\/v2\/media?parent=15"}],"curies":[{"name":"wp","href":"https:\/\/api.w.org\/{rel}","templated":true}]}}