{"id":23,"date":"2021-06-01T11:15:07","date_gmt":"2021-06-01T09:15:07","guid":{"rendered":"http:\/\/bikcomputer.home.pl\/oksir\/bipoksir\/?page_id=23"},"modified":"2025-11-07T13:13:35","modified_gmt":"2025-11-07T12:13:35","slug":"status-prawny","status":"publish","type":"page","link":"https:\/\/bip.oksir.wiszniamala.pl\/index.php\/status-prawny\/","title":{"rendered":"Status Prawny"},"content":{"rendered":"\n<p>O\u015brodek Kultury Sportu i Rekreacji dzia\u0142a na podstawie statutu, kt\u00f3ry okre\u015bla struktur\u0119, cele i zadania O\u015brodka oraz podstawy prawne jego dzia\u0142ania. O\u015brodek jest samorz\u0105dow\u0105 instytucja kultury, kt\u00f3ra zajmuje si\u0119 upowszechnianiem kultury na terenie gminy Wisznia Ma\u0142a.<\/p>\n\n\n\n<div class=\"wp-block-file\"><a href=\"https:\/\/bip.oksir.wiszniamala.pl\/wp-content\/uploads\/2022\/01\/1214_001-1.pdf\">Uchwa\u0142a Nr V\/X\/75\/07- w sprawie nadania Statutu<\/a><a href=\"https:\/\/bip.oksir.wiszniamala.pl\/wp-content\/uploads\/2022\/01\/1214_001-1.pdf\" class=\"wp-block-file__button wp-element-button\" download>Pobierz<\/a><\/div>\n\n\n\n<div class=\"wp-block-file\"><a href=\"https:\/\/bip.oksir.wiszniamala.pl\/wp-content\/uploads\/2022\/01\/1215_001.pdf\">Uchwa\u0142a Nr VII\/XX\/152\/16 &#8211; w sprawie zmian w statucie<\/a><a href=\"https:\/\/bip.oksir.wiszniamala.pl\/wp-content\/uploads\/2022\/01\/1215_001.pdf\" class=\"wp-block-file__button wp-element-button\" download>Pobierz<\/a><\/div>\n\n\n\n<div class=\"wp-block-file\"><a id=\"wp-block-file--media-45b7f893-51ef-45ba-876e-190adeaf410d\" href=\"https:\/\/bip.oksir.wiszniamala.pl\/wp-content\/uploads\/2025\/11\/status-zmiana.pdf\">Uchwa\u0142a Nr IX\/XIII\/130\/25 &#8211; w sprawie zmian w statucie<\/a><a href=\"https:\/\/bip.oksir.wiszniamala.pl\/wp-content\/uploads\/2025\/11\/status-zmiana.pdf\" class=\"wp-block-file__button wp-element-button\" download aria-describedby=\"wp-block-file--media-45b7f893-51ef-45ba-876e-190adeaf410d\">Pobierz<\/a><\/div>\n","protected":false},"excerpt":{"rendered":"<p>O\u015brodek Kultury Sportu i Rekreacji dzia\u0142a na podstawie statutu, kt\u00f3ry okre\u015bla struktur\u0119, cele i zadania O\u015brodka oraz podstawy prawne jego dzia\u0142ania. O\u015brodek jest samorz\u0105dow\u0105 instytucja kultury, kt\u00f3ra zajmuje si\u0119 upowszechnianiem&hellip;<\/p>\n","protected":false},"author":1,"featured_media":0,"parent":0,"menu_order":0,"comment_status":"closed","ping_status":"closed","template":"","meta":{"footnotes":""},"class_list":["post-23","page","type-page","status-publish","hentry"],"_links":{"self":[{"href":"https:\/\/bip.oksir.wiszniamala.pl\/index.php\/wp-json\/wp\/v2\/pages\/23","targetHints":{"allow":["GET"]}}],"collection":[{"href":"https:\/\/bip.oksir.wiszniamala.pl\/index.php\/wp-json\/wp\/v2\/pages"}],"about":[{"href":"https:\/\/bip.oksir.wiszniamala.pl\/index.php\/wp-json\/wp\/v2\/types\/page"}],"author":[{"embeddable":true,"href":"https:\/\/bip.oksir.wiszniamala.pl\/index.php\/wp-json\/wp\/v2\/users\/1"}],"replies":[{"embeddable":true,"href":"https:\/\/bip.oksir.wiszniamala.pl\/index.php\/wp-json\/wp\/v2\/comments?post=23"}],"version-history":[{"count":3,"href":"https:\/\/bip.oksir.wiszniamala.pl\/index.php\/wp-json\/wp\/v2\/pages\/23\/revisions"}],"predecessor-version":[{"id":511,"href":"https:\/\/bip.oksir.wiszniamala.pl\/index.php\/wp-json\/wp\/v2\/pages\/23\/revisions\/511"}],"wp:attachment":[{"href":"https:\/\/bip.oksir.wiszniamala.pl\/index.php\/wp-json\/wp\/v2\/media?parent=23"}],"curies":[{"name":"wp","href":"https:\/\/api.w.org\/{rel}","templated":true}]}}