{"id":531,"date":"2025-12-17T11:37:30","date_gmt":"2025-12-17T10:37:30","guid":{"rendered":"https:\/\/bip.oksir.wiszniamala.pl\/?page_id=531"},"modified":"2025-12-17T11:37:30","modified_gmt":"2025-12-17T10:37:30","slug":"wykaz-mienia","status":"publish","type":"page","link":"https:\/\/bip.oksir.wiszniamala.pl\/index.php\/wykaz-mienia\/","title":{"rendered":"Wykaz mienia"},"content":{"rendered":"\n<p>POSIADANE MIENIE INSTYTUCJI KULTURY \u2013 INFORMACJA PUBLICZNA<\/p>\n\n\n\n<p>Instytucja kultury gospodaruje samodzielnie przydzielonym i nabytym mieniem oraz prowadzi samodzieln\u0105 gospodark\u0119 w ramach posiadanych \u015brodk\u00f3w, kieruj\u0105c si\u0119 zasadami efektywno\u015bci ich wykorzystania. Mo\u017ce dokonywa\u0107 zbywania \u015brodk\u00f3w trwa\u0142ych, stosuj\u0105c odpowiednio przepisy dotycz\u0105ce przedsi\u0119biorstw pa\u0144stwowych.<\/p>\n\n\n\n<p>Podstaw\u0105 gospodarki finansowej Instytucji jest plan finansowy ustalany przez Dyrektora, z zachowaniem wysoko\u015bci dotacji organizatora, sporz\u0105dzany zgodnie z ustaw\u0105 z dnia 27 sierpnia 2009 r. o finansach publicznych.<\/p>\n\n\n\n<p>Publikacja danych o mieniu wynika z art. 6 ust. 1 pkt 5 lit. c ustawy o dost\u0119pie do informacji publicznej.<\/p>\n\n\n\n<p>Zakres ujawnienia<br>Do mienia b\u0119d\u0105cego w dyspozycji Instytucji nale\u017c\u0105 w szczeg\u00f3lno\u015bci obiekty \u015bwietlicowe i budynki wykorzystywane do realizacji dzia\u0142alno\u015bci kulturalnej na terenie gminy. Dane pochodz\u0105 z ewidencji maj\u0105tku prowadzonej przez Instytucj\u0119.<\/p>\n\n\n\n<p>Wykaz posiadanego mienia:<\/p>\n\n\n\n<ol class=\"wp-block-list\">\n<li><strong>OBIEKTY:<\/strong><\/li>\n<\/ol>\n\n\n\n<p>Machnice, nr 4A, dzia\u0142ka nr 9\/3<br>Machnice, nr 4A, dzia\u0142ka nr 9\/4<br>Pierwosz\u00f3w, ul. Wierzbowa 2, dzia\u0142ka nr 108\/3<br>Malin, ul. G\u0142\u00f3wna 91, dzia\u0142ka nr 89<br>Malin, dzia\u0142ka nr 377<br>Kryniczno, ul. Parkowa 6, dzia\u0142ka nr 154\/5<br>Kryniczno, ul. Wiosenna 3, dzia\u0142ka nr 28\/2<br>Wysoki Ko\u015bci\u00f3\u0142, ul. Cicha 7, dzia\u0142ka nr 71<br>Ligota Pi\u0119kna, ul. G\u0142\u00f3wna 19, dzia\u0142ka nr 136\/2<br>Ligota Pi\u0119kna, ul. Sportowa 50, dzia\u0142ka nr 20\/8<br>Ligota Pi\u0119kna, ul. Sportowa, dzia\u0142ka nr 20\/10<br>Ligota Pi\u0119kna, ul. Sportowa, dzia\u0142ka nr 21<br>Ozorowice, ul. Spacerowa 8, dzia\u0142ka nr 317\/2<br>Ozorowice, ul. Sportowa, dzia\u0142ka nr 161\/1<br>Szewce, ul. Sportowa 1, dzia\u0142ka nr 520<br>Szyman\u00f3w, ul. Lipowa 1, dzia\u0142ka nr 140\/10<br>Szyman\u00f3w, ul. Lotniskowa, dzia\u0142ka nr 101\/1<br>Rogo\u017c, ul. Parkowa 82, dzia\u0142ka nr 72\/11<br>Krzy\u017canowice, ul. Parkowa 18, dzia\u0142ka nr 66\/85<br>Krzy\u017canowice ul. Parkowa, dzia\u0142ka nr 66\/100<br>Mienice, ul. Lipowa 16, dzia\u0142ka nr 26\/9<br>Mienice, ul. Lipowa 16, dzia\u0142ka nr<br>Piotrkowiczki, ul. Spacerowa 62, dzia\u0142ka nr 298<br>Piotrkowiczki, ul. Akacjowa, dzia\u0142ka nr345<br>Psary, ul. D\u0142uga 10A, dzia\u0142ka nr 295<br>Psary, ul. Kasztanowa, dzia\u0142ka nr 9\/2<br>Wisznia Ma\u0142a \u2013 OKSiR, ul. Szkolna 1, dzia\u0142ka nr 91<br>Wisznia Ma\u0142a, ul. Szkolna, dzia\u0142ka nr 70\/2<br>Wisznia Ma\u0142a \u2013 teren przy ul. Szkolnej, dzia\u0142ka nr 73<br>Strzesz\u00f3w, ul. Osiedlowa 13, dzia\u0142ka nr 302<br>Strzesz\u00f3w, dzia\u0142ka nr 452\/1<\/p>\n\n\n\n<ol start=\"2\" class=\"wp-block-list\">\n<li><strong>POZOSTA\u0141Y MAJ\u0104TEK:<\/strong><\/li>\n<\/ol>\n\n\n\n<ul class=\"wp-block-list\">\n<li>urz\u0105dzenia i sprz\u0119t o\u015bwietleniowy<\/li>\n\n\n\n<li>urz\u0105dzenia i sprz\u0119t akustyczny<\/li>\n\n\n\n<li>urz\u0105dzenia teletechniczne i radiotechniczne<\/li>\n\n\n\n<li>urz\u0105dzenia telefoniczne<\/li>\n\n\n\n<li>urz\u0105dzenia techniczno- teatralne<\/li>\n\n\n\n<li>urz\u0105dzenia klimatyzacyjne<\/li>\n\n\n\n<li>komputery z oprogramowaniem i urz\u0105dzeniami peryferyjnymi<\/li>\n\n\n\n<li>kserokopiarki<\/li>\n\n\n\n<li>instrumenty i akcesoria<\/li>\n\n\n\n<li>urz\u0105dzenia i wyposa\u017cenie pracowni<\/li>\n<\/ul>\n\n\n\n<p>Mienie wykorzystywane jest do prowadzenia dzia\u0142alno\u015bci statutowej Instytucji i udost\u0119pniania infrastruktury lokalnej spo\u0142eczno\u015bci.<\/p>\n\n\n\n<p>Aktualizacja danych<br>Informacja podlega aktualizacji nie rzadziej ni\u017c raz w roku oraz po ka\u017cdej zmianie stanu mienia.<\/p>\n\n\n\n<p>Osoba odpowiedzialna za publikacj\u0119 i aktualno\u015b\u0107 danych<br>Dane udost\u0119pniane przez Instytucj\u0119 na podstawie ewidencji maj\u0105tku. Kontakt poprzez dane teleadresowe jednostki wskazane w zak\u0142adce \u201eKontakt\u201d.<\/p>\n","protected":false},"excerpt":{"rendered":"<p>POSIADANE MIENIE INSTYTUCJI KULTURY \u2013 INFORMACJA PUBLICZNA Instytucja kultury gospodaruje samodzielnie przydzielonym i nabytym mieniem oraz prowadzi samodzieln\u0105 gospodark\u0119 w ramach posiadanych \u015brodk\u00f3w, kieruj\u0105c si\u0119 zasadami efektywno\u015bci ich wykorzystania. Mo\u017ce&hellip;<\/p>\n","protected":false},"author":2,"featured_media":0,"parent":0,"menu_order":0,"comment_status":"closed","ping_status":"closed","template":"","meta":{"footnotes":""},"class_list":["post-531","page","type-page","status-publish","hentry"],"_links":{"self":[{"href":"https:\/\/bip.oksir.wiszniamala.pl\/index.php\/wp-json\/wp\/v2\/pages\/531","targetHints":{"allow":["GET"]}}],"collection":[{"href":"https:\/\/bip.oksir.wiszniamala.pl\/index.php\/wp-json\/wp\/v2\/pages"}],"about":[{"href":"https:\/\/bip.oksir.wiszniamala.pl\/index.php\/wp-json\/wp\/v2\/types\/page"}],"author":[{"embeddable":true,"href":"https:\/\/bip.oksir.wiszniamala.pl\/index.php\/wp-json\/wp\/v2\/users\/2"}],"replies":[{"embeddable":true,"href":"https:\/\/bip.oksir.wiszniamala.pl\/index.php\/wp-json\/wp\/v2\/comments?post=531"}],"version-history":[{"count":1,"href":"https:\/\/bip.oksir.wiszniamala.pl\/index.php\/wp-json\/wp\/v2\/pages\/531\/revisions"}],"predecessor-version":[{"id":532,"href":"https:\/\/bip.oksir.wiszniamala.pl\/index.php\/wp-json\/wp\/v2\/pages\/531\/revisions\/532"}],"wp:attachment":[{"href":"https:\/\/bip.oksir.wiszniamala.pl\/index.php\/wp-json\/wp\/v2\/media?parent=531"}],"curies":[{"name":"wp","href":"https:\/\/api.w.org\/{rel}","templated":true}]}}