{"id":76,"date":"2021-12-09T09:44:53","date_gmt":"2021-12-09T08:44:53","guid":{"rendered":"http:\/\/bikcomputer.home.pl\/oksir\/bipoksir\/?page_id=76"},"modified":"2021-12-16T21:59:30","modified_gmt":"2021-12-16T20:59:30","slug":"dostepnosc","status":"publish","type":"page","link":"https:\/\/bip.oksir.wiszniamala.pl\/index.php\/dostepnosc\/","title":{"rendered":"Dost\u0119pno\u015b\u0107"},"content":{"rendered":"\n<h2 class=\"wp-block-heading\">Deklaracja dost\u0119pno\u015bci cyfrowej dla strony podmiotowej BIP<\/h2>\n\n\n\n<h3 class=\"wp-block-heading\"><br>Wst\u0119p deklaracji<\/h3>\n\n\n\n<p id=\"a11y-wstep\">O\u015brodek Kultury Sportu i Rekreacji w Wiszni Ma\u0142ej\u00a0zobowi\u0105zuje si\u0119 zapewni\u0107 dost\u0119pno\u015b\u0107 swojej strony podmiotowej BIP zgodnie z przepisami ustawy z dnia 4 kwietnia 2019 r. o dost\u0119pno\u015bci cyfrowej stron internetowych i aplikacji mobilnych podmiot\u00f3w publicznych. O\u015bwiadczenie w sprawie dost\u0119pno\u015bci ma zastosowanie do strony podmiotowej BIP. Dane teleadresowe jednostki:<\/p>\n\n\n\n<p>O\u015brodek Kultury Sportu i Rekreacji<br>ul. Szkolna 1<br>55-114 Wisznia Ma\u0142a<br>oksir@wiszniamala.pl<br>tel. 71 312 70 76<\/p>\n\n\n\n<p>Data publikacji strony internetowej:\u00a02021-12-15<br><br>Strona podmiotowa BIP jest cz\u0119\u015bciowo zgodna z ustaw\u0105 z dnia 4 kwietnia 2019 r. o dost\u0119pno\u015bci cyfrowej stron internetowych i aplikacji mobilnych podmiot\u00f3w publicznych z powodu niezgodno\u015bci lub wy\u0142\u0105cze\u0144 wymienionych poni\u017cej:\u00a0<\/p>\n\n\n\n<ul class=\"wp-block-list\"><li>zamieszczone na stronie publikacje w formie plik\u00f3w PDF nie s\u0105 dost\u0119pne cyfrowo w ca\u0142o\u015bci: zosta\u0142y opublikowane przed 2018-09-23 lub nie s\u0105 wykorzystywane do realizacji bie\u017c\u0105cych zada\u0144 O\u015brodka Kultury w Brzeszczach,<\/li><li>cz\u0119\u015b\u0107 z publikowanych zdj\u0119\u0107 nie posiada opisu alternatywnego: zosta\u0142y opublikowane przed 2018-09-23 lub nie s\u0105 wykorzystywane do realizacji bie\u017c\u0105cych zada\u0144&nbsp;O\u015brodka Kultury w Brzeszczach.&nbsp;<\/li><\/ul>\n\n\n\n<p>Deklaracj\u0119 sporz\u0105dzono na podstawie samooceny przeprowadzonej przez przeszkolonego pracownika&nbsp;O\u015brodka Kultury w Brzeszczach.<\/p>\n\n\n\n<h3 class=\"wp-block-heading\"><br>U\u0142atwienia na stronie podmiotowej BIP<\/h3>\n\n\n\n<p>Strony podmiotowe w ramach Regionalnego Systemu BIP w Ma\u0142opolsce posiadaj\u0105 nast\u0119puj\u0105ce u\u0142atwienia:<\/p>\n\n\n\n<ul class=\"wp-block-list\"><li>podwy\u017cszony kontrast (czarne t\u0142o, \u017c\u00f3\u0142te litery)<\/li><li>mo\u017cliwo\u015b\u0107 powi\u0119kszenia wielko\u015bci liter na stronie<\/li><li>mo\u017cliwo\u015b\u0107 zwi\u0119kszenia interlinii oraz odst\u0119p\u00f3w pomi\u0119dzy literami<\/li><li>mapa strony<\/li><li>focus wok\u00f3\u0142 element\u00f3w nawigacyjnych<\/li><\/ul>\n\n\n\n<h3 class=\"wp-block-heading\">Skr\u00f3ty klawiaturowe<\/h3>\n\n\n\n<p>Na stronie internetowej mo\u017cna u\u017cywa\u0107 standardowych skr\u00f3t\u00f3w klawiaturowych przegl\u0105darki.<\/p>\n\n\n\n<h3 class=\"wp-block-heading\">Data sporz\u0105dzenia deklaracji<\/h3>\n\n\n\n<p>Deklaracj\u0119 sporz\u0105dzono dnia:\u00a02021-12-15<\/p>\n\n\n\n<h3 class=\"wp-block-heading\" id=\"a11y-kontakt\">Informacje zwrotne i dane kontaktowe<\/h3>\n\n\n\n<p>Email: oksir@wiszniamala.pl<br>Tel: 71 3127076<\/p>\n\n\n\n<h3 class=\"wp-block-heading\">Procedura wnioskowo-skargowa<\/h3>\n\n\n\n<p>Uprzejmie informujemy, \u017ce zgodnie z ustaw\u0105 z dnia 4 kwietnia 2019 r. o dost\u0119pno\u015bci cyfrowej stron internetowych i aplikacji mobilnych podmiot\u00f3w publicznych ka\u017cdy ma prawo wyst\u0105pi\u0107 do podmiotu publicznego z \u017c\u0105daniem udost\u0119pnienia cyfrowego wskazanej strony internetowej, aplikacji mobilnej lub ich element\u00f3w, ewentualnie zapewnienia dost\u0119pu alternatywnego, na warunkach okre\u015blonych w ustawie. W przypadku odmowy wnosz\u0105cy \u017c\u0105danie mo\u017cne z\u0142o\u017cy\u0107 skarg\u0119 z zastosowaniem przepis\u00f3w ustawy z dnia 14 czerwca 1960 r. Kodeks post\u0119powania administracyjnego, a tak\u017ce powiadomi\u0107 Rzecznika Praw Obywatelskich:&nbsp;<a href=\"http:\/\/www.rpo.gov.pl\/\" target=\"_blank\" rel=\"noreferrer noopener\">www.rpo.gov.pl<\/a><\/p>\n\n\n\n<h3 class=\"wp-block-heading\" id=\"a11y-atchitektura\">Dost\u0119pno\u015b\u0107 architektoniczna<\/h3>\n\n\n\n<p>Siedziba\u00a0O\u015brodka Kultury Sportu i Rekreacji w Wiszni Ma\u0142ej\u00a0spe\u0142nia minimalne wymagania zgodne z ustaw\u0105 z dnia 19 lipca 2019 r. o zapewnianiu dost\u0119pno\u015bci osobom ze szczeg\u00f3lnymi potrzebami.<\/p>\n","protected":false},"excerpt":{"rendered":"<p>Deklaracja dost\u0119pno\u015bci cyfrowej dla strony podmiotowej BIP Wst\u0119p deklaracji O\u015brodek Kultury Sportu i Rekreacji w Wiszni Ma\u0142ej\u00a0zobowi\u0105zuje si\u0119 zapewni\u0107 dost\u0119pno\u015b\u0107 swojej strony podmiotowej BIP zgodnie z przepisami ustawy z dnia&hellip;<\/p>\n","protected":false},"author":1,"featured_media":0,"parent":0,"menu_order":0,"comment_status":"closed","ping_status":"closed","template":"","meta":{"footnotes":""},"class_list":["post-76","page","type-page","status-publish","hentry"],"_links":{"self":[{"href":"https:\/\/bip.oksir.wiszniamala.pl\/index.php\/wp-json\/wp\/v2\/pages\/76","targetHints":{"allow":["GET"]}}],"collection":[{"href":"https:\/\/bip.oksir.wiszniamala.pl\/index.php\/wp-json\/wp\/v2\/pages"}],"about":[{"href":"https:\/\/bip.oksir.wiszniamala.pl\/index.php\/wp-json\/wp\/v2\/types\/page"}],"author":[{"embeddable":true,"href":"https:\/\/bip.oksir.wiszniamala.pl\/index.php\/wp-json\/wp\/v2\/users\/1"}],"replies":[{"embeddable":true,"href":"https:\/\/bip.oksir.wiszniamala.pl\/index.php\/wp-json\/wp\/v2\/comments?post=76"}],"version-history":[{"count":0,"href":"https:\/\/bip.oksir.wiszniamala.pl\/index.php\/wp-json\/wp\/v2\/pages\/76\/revisions"}],"wp:attachment":[{"href":"https:\/\/bip.oksir.wiszniamala.pl\/index.php\/wp-json\/wp\/v2\/media?parent=76"}],"curies":[{"name":"wp","href":"https:\/\/api.w.org\/{rel}","templated":true}]}}