{"id":85,"date":"2021-12-10T09:06:32","date_gmt":"2021-12-10T08:06:32","guid":{"rendered":"http:\/\/bikcomputer.home.pl\/oksir\/bipoksir\/?page_id=85"},"modified":"2025-11-07T13:10:34","modified_gmt":"2025-11-07T12:10:34","slug":"informacje-podstawowe","status":"publish","type":"page","link":"https:\/\/bip.oksir.wiszniamala.pl\/","title":{"rendered":"Informacje podstawowe"},"content":{"rendered":"\n<p>O\u015brodek Kultury Sportu i Rekreacji<br>ul. Szkolna 1<br>55-114 Wisznia Ma\u0142a<br>tel: 71 312 70 76<br>e-mail: oksir@wiszniamala.pl<\/p>\n\n\n\n<p>NIP: 915-135-83-07<\/p>\n\n\n\n<div class=\"wp-block-file\"><a id=\"wp-block-file--media-04dc7754-1d97-40fd-86ab-a1123a652287\" href=\"https:\/\/bip.oksir.wiszniamala.pl\/wp-content\/uploads\/2025\/11\/program-kadencyjny.pdf\">Program kadencyjny dzia\u0142ania<br>O\u015brodka Kultury, Sportu i Rekreacji w Wiszni Ma\u0142ej<\/a><a href=\"https:\/\/bip.oksir.wiszniamala.pl\/wp-content\/uploads\/2025\/11\/program-kadencyjny.pdf\" class=\"wp-block-file__button wp-element-button\" download aria-describedby=\"wp-block-file--media-04dc7754-1d97-40fd-86ab-a1123a652287\">Pobierz<\/a><\/div>\n","protected":false},"excerpt":{"rendered":"<p>O\u015brodek Kultury Sportu i Rekreacjiul. Szkolna 155-114 Wisznia Ma\u0142atel: 71 312 70 76e-mail: oksir@wiszniamala.pl NIP: 915-135-83-07<\/p>\n","protected":false},"author":1,"featured_media":0,"parent":0,"menu_order":0,"comment_status":"closed","ping_status":"closed","template":"","meta":{"footnotes":""},"class_list":["post-85","page","type-page","status-publish","hentry"],"_links":{"self":[{"href":"https:\/\/bip.oksir.wiszniamala.pl\/index.php\/wp-json\/wp\/v2\/pages\/85","targetHints":{"allow":["GET"]}}],"collection":[{"href":"https:\/\/bip.oksir.wiszniamala.pl\/index.php\/wp-json\/wp\/v2\/pages"}],"about":[{"href":"https:\/\/bip.oksir.wiszniamala.pl\/index.php\/wp-json\/wp\/v2\/types\/page"}],"author":[{"embeddable":true,"href":"https:\/\/bip.oksir.wiszniamala.pl\/index.php\/wp-json\/wp\/v2\/users\/1"}],"replies":[{"embeddable":true,"href":"https:\/\/bip.oksir.wiszniamala.pl\/index.php\/wp-json\/wp\/v2\/comments?post=85"}],"version-history":[{"count":7,"href":"https:\/\/bip.oksir.wiszniamala.pl\/index.php\/wp-json\/wp\/v2\/pages\/85\/revisions"}],"predecessor-version":[{"id":508,"href":"https:\/\/bip.oksir.wiszniamala.pl\/index.php\/wp-json\/wp\/v2\/pages\/85\/revisions\/508"}],"wp:attachment":[{"href":"https:\/\/bip.oksir.wiszniamala.pl\/index.php\/wp-json\/wp\/v2\/media?parent=85"}],"curies":[{"name":"wp","href":"https:\/\/api.w.org\/{rel}","templated":true}]}}